{"id":4,"date":"2008-07-22T16:37:21","date_gmt":"2008-07-22T14:37:21","guid":{"rendered":"https:\/\/www.lamaisonhantee.net\/\/?page_id=4"},"modified":"2025-05-22T10:32:34","modified_gmt":"2025-05-22T08:32:34","slug":"la-maison-hantee","status":"publish","type":"page","link":"https:\/\/www.lamaisonhantee.net\/","title":{"rendered":"La maison hant\u00e9e"},"content":{"rendered":"<p><strong>Retrouvez les news de\u00a0<a href=\"https:\/\/www.facebook.com\/laMHmarseille\" target=\"_blank\" rel=\"noopener\">la Maison Hant\u00e9e sur facebook<\/a><br \/>\n<\/strong>Le site sera mis \u00e0 jour prochainement&#8230;<\/p>\n<div id=\"attachment_6\" style=\"width: 510px\" class=\"wp-caption aligncenter\"><a href=\"https:\/\/www.lamaisonhantee.net\/\/wp-content\/uploads\/2008\/07\/mh3.jpg\"><img loading=\"lazy\" decoding=\"async\" aria-describedby=\"caption-attachment-6\" class=\"size-full wp-image-6\" title=\"Le zinc de la Maison Hant\u00e9e\" src=\"https:\/\/www.lamaisonhantee.net\/\/wp-content\/uploads\/2008\/07\/mh3.jpg\" alt=\"Le zinc de la Maison Hant\u00e9e\" width=\"500\" height=\"415\" srcset=\"https:\/\/www.lamaisonhantee.net\/wp-content\/uploads\/2008\/07\/mh3.jpg 542w, https:\/\/www.lamaisonhantee.net\/wp-content\/uploads\/2008\/07\/mh3-300x249.jpg 300w\" sizes=\"auto, (max-width: 500px) 100vw, 500px\" \/><\/a><p id=\"caption-attachment-6\" class=\"wp-caption-text\"><strong>Le zinc de la Maison Hant\u00e9e<\/strong><\/p><\/div>\n<p>La Maison Hant\u00e9e vous accueille tous les jours sauf le dimanche de 19h \u00e0 2h.<\/p>\n<p>La Maison Hant\u00e9e<br \/>\n10, rue Vian<br \/>\n13006 Marseille<\/p>\n<p>mail: <a href=\"mailto:info@lamaisonhantee.net\">info@lamaisonhantee.net<\/a><\/p>\n<p>t\u00e9l: 04.91.920.940<\/p>\n<p>METRO Notre Dame du Mont<br \/>\nProximit\u00e9 Parking Cours Julien<\/p>\n<div id=\"attachment_9\" style=\"width: 510px\" class=\"wp-caption alignnone\"><a href=\"https:\/\/www.lamaisonhantee.net\/\/wp-content\/uploads\/2008\/07\/mh4.jpg\"><img loading=\"lazy\" decoding=\"async\" aria-describedby=\"caption-attachment-9\" class=\"size-full wp-image-9\" title=\"Le billard de la Maison Hant\u00e9e\" src=\"https:\/\/www.lamaisonhantee.net\/\/wp-content\/uploads\/2008\/07\/mh4.jpg\" alt=\"Le billard de la Maison Hant\u00e9e\" width=\"500\" height=\"415\" srcset=\"https:\/\/www.lamaisonhantee.net\/wp-content\/uploads\/2008\/07\/mh4.jpg 541w, https:\/\/www.lamaisonhantee.net\/wp-content\/uploads\/2008\/07\/mh4-300x249.jpg 300w\" sizes=\"auto, (max-width: 500px) 100vw, 500px\" \/><\/a><p id=\"caption-attachment-9\" class=\"wp-caption-text\">Le billard de la Maison Hant\u00e9e<\/p><\/div>\n","protected":false},"excerpt":{"rendered":"<p>Retrouvez les news de\u00a0la Maison Hant\u00e9e sur facebook Le site sera mis \u00e0 jour prochainement&#8230; La Maison Hant\u00e9e vous accueille tous les jours sauf le dimanche de 19h \u00e0 2h. La Maison Hant\u00e9e 10, rue Vian 13006 Marseille mail: info@lamaisonhantee.net &hellip; <a href=\"https:\/\/www.lamaisonhantee.net\/\">Continuer la lecture <span class=\"meta-nav\">&rarr;<\/span><\/a><\/p>\n","protected":false},"author":2,"featured_media":0,"parent":0,"menu_order":0,"comment_status":"closed","ping_status":"open","template":"","meta":{"footnotes":""},"class_list":["post-4","page","type-page","status-publish","hentry"],"_links":{"self":[{"href":"https:\/\/www.lamaisonhantee.net\/index.php?rest_route=\/wp\/v2\/pages\/4","targetHints":{"allow":["GET"]}}],"collection":[{"href":"https:\/\/www.lamaisonhantee.net\/index.php?rest_route=\/wp\/v2\/pages"}],"about":[{"href":"https:\/\/www.lamaisonhantee.net\/index.php?rest_route=\/wp\/v2\/types\/page"}],"author":[{"embeddable":true,"href":"https:\/\/www.lamaisonhantee.net\/index.php?rest_route=\/wp\/v2\/users\/2"}],"replies":[{"embeddable":true,"href":"https:\/\/www.lamaisonhantee.net\/index.php?rest_route=%2Fwp%2Fv2%2Fcomments&post=4"}],"version-history":[{"count":4,"href":"https:\/\/www.lamaisonhantee.net\/index.php?rest_route=\/wp\/v2\/pages\/4\/revisions"}],"predecessor-version":[{"id":362,"href":"https:\/\/www.lamaisonhantee.net\/index.php?rest_route=\/wp\/v2\/pages\/4\/revisions\/362"}],"wp:attachment":[{"href":"https:\/\/www.lamaisonhantee.net\/index.php?rest_route=%2Fwp%2Fv2%2Fmedia&parent=4"}],"curies":[{"name":"wp","href":"https:\/\/api.w.org\/{rel}","templated":true}]}}